{"id":2278,"date":"2021-04-07T13:24:50","date_gmt":"2021-04-07T17:24:50","guid":{"rendered":"https:\/\/4collines.com\/?page_id=2278"},"modified":"2025-06-23T14:06:04","modified_gmt":"2025-06-23T18:06:04","slug":"the-domaine","status":"publish","type":"page","link":"https:\/\/4collines.com\/en\/about-the-domaine\/the-domaine\/","title":{"rendered":"The Domaine"},"content":{"rendered":"<p><div class=\"fusion-fullwidth fullwidth-box fusion-builder-row-1 fusion-flex-container fusion-parallax-none hundred-percent-fullwidth non-hundred-percent-height-scrolling entete\" style=\"--awb-background-position:center top;--awb-border-sizes-top:0px;--awb-border-sizes-bottom:0px;--awb-border-sizes-left:0px;--awb-border-sizes-right:0px;--awb-border-radius-top-left:0px;--awb-border-radius-top-right:0px;--awb-border-radius-bottom-right:0px;--awb-border-radius-bottom-left:0px;--awb-padding-top:0px;--awb-padding-right:0px;--awb-padding-bottom:0px;--awb-padding-left:0px;--awb-background-image:url(&quot;https:\/\/4collines.com\/wp-content\/uploads\/2021\/02\/domaine-top2.jpg&quot;);--awb-background-size:cover;--awb-flex-wrap:wrap;\" ><div class=\"fusion-builder-row fusion-row fusion-flex-align-items-center fusion-flex-justify-content-center fusion-flex-content-wrap\" style=\"width:104% !important;max-width:104% !important;margin-left: calc(-4% \/ 2 );margin-right: calc(-4% \/ 2 );\"><div class=\"fusion-layout-column fusion_builder_column fusion-builder-column-0 fusion_builder_column_1_1 1_1 fusion-flex-column entete\" style=\"--awb-padding-right:15px;--awb-padding-left:15px;--awb-bg-position:center center;--awb-bg-size:cover;--awb-width-large:100%;--awb-margin-top-large:0px;--awb-spacing-right-large:0px;--awb-margin-bottom-large:20px;--awb-spacing-left-large:0px;--awb-width-medium:50%;--awb-order-medium:0;--awb-spacing-right-medium:0px;--awb-spacing-left-medium:0px;--awb-width-small:100%;--awb-order-small:0;--awb-spacing-right-small:1.92%;--awb-spacing-left-small:1.92%;\"><div class=\"fusion-column-wrapper fusion-column-has-shadow fusion-flex-justify-content-center fusion-content-layout-column\"><div class=\"fusion-text fusion-text-1 md-text-align-center sm-text-align-center\"><h1 style=\"text-align: center;\">Le Domaine<\/h1>\n<\/div><\/div><\/div><\/div><\/div><div class=\"fusion-fullwidth fullwidth-box fusion-builder-row-2 fusion-flex-container fusion-parallax-none hundred-percent-fullwidth non-hundred-percent-height-scrolling intro-accueil coll-mobile-fullwidth\" style=\"--awb-background-position:center top;--awb-border-sizes-top:0px;--awb-border-sizes-bottom:0px;--awb-border-sizes-left:0px;--awb-border-sizes-right:0px;--awb-border-radius-top-left:0px;--awb-border-radius-top-right:0px;--awb-border-radius-bottom-right:0px;--awb-border-radius-bottom-left:0px;--awb-padding-top:0px;--awb-padding-right:0px;--awb-padding-bottom:0px;--awb-padding-left:0px;--awb-background-image:url(&quot;https:\/\/4collines.com\/wp-content\/uploads\/2021\/02\/font-foret-3.jpg&quot;);--awb-background-size:cover;--awb-flex-wrap:wrap;\" ><div class=\"fusion-builder-row fusion-row fusion-flex-align-items-center fusion-flex-content-wrap\" style=\"width:104% !important;max-width:104% !important;margin-left: calc(-4% \/ 2 );margin-right: calc(-4% \/ 2 );\"><div class=\"fusion-layout-column fusion_builder_column fusion-builder-column-1 fusion_builder_column_1_2 1_2 fusion-flex-column\" style=\"--awb-padding-right:30px;--awb-padding-left:15%;--awb-bg-position:center center;--awb-bg-size:cover;--awb-width-large:50%;--awb-margin-top-large:35px;--awb-spacing-right-large:0px;--awb-margin-bottom-large:35px;--awb-spacing-left-large:0px;--awb-width-medium:50%;--awb-order-medium:0;--awb-spacing-right-medium:0px;--awb-spacing-left-medium:0px;--awb-width-small:100%;--awb-order-small:0;--awb-spacing-right-small:1.92%;--awb-spacing-left-small:1.92%;\"><div class=\"fusion-column-wrapper fusion-column-has-shadow fusion-flex-justify-content-flex-start fusion-content-layout-column\"><div class=\"fusion-image-element \" style=\"--awb-max-width:100%;--awb-caption-title-font-family:var(--h2_typography-font-family);--awb-caption-title-font-weight:var(--h2_typography-font-weight);--awb-caption-title-font-style:var(--h2_typography-font-style);--awb-caption-title-size:var(--h2_typography-font-size);--awb-caption-title-transform:var(--h2_typography-text-transform);--awb-caption-title-line-height:var(--h2_typography-line-height);--awb-caption-title-letter-spacing:var(--h2_typography-letter-spacing);\"><span class=\" fusion-imageframe imageframe-none imageframe-1 hover-type-none\"><img decoding=\"async\" width=\"1000\" height=\"662\" alt=\"Domaine Val-David, Laurentides\" title=\"homme-dans-les-bois (1)\" src=\"https:\/\/4collines.com\/wp-content\/uploads\/2025\/06\/homme-dans-les-bois-1.jpg\" class=\"img-responsive wp-image-4612\" srcset=\"https:\/\/4collines.com\/wp-content\/uploads\/2025\/06\/homme-dans-les-bois-1-200x132.jpg 200w, https:\/\/4collines.com\/wp-content\/uploads\/2025\/06\/homme-dans-les-bois-1-400x265.jpg 400w, https:\/\/4collines.com\/wp-content\/uploads\/2025\/06\/homme-dans-les-bois-1-600x397.jpg 600w, https:\/\/4collines.com\/wp-content\/uploads\/2025\/06\/homme-dans-les-bois-1-800x530.jpg 800w, https:\/\/4collines.com\/wp-content\/uploads\/2025\/06\/homme-dans-les-bois-1.jpg 1000w\" sizes=\"(max-width: 1024px) 100vw, (max-width: 640px) 100vw, 600px\" \/><\/span><\/div><\/div><\/div><div class=\"fusion-layout-column fusion_builder_column fusion-builder-column-2 fusion_builder_column_1_2 1_2 fusion-flex-column special no-padding-top\" style=\"--awb-padding-top:125px;--awb-padding-right:15%;--awb-padding-bottom:125px;--awb-padding-left:30px;--awb-bg-size:cover;--awb-width-large:50%;--awb-margin-top-large:0px;--awb-spacing-right-large:3.84%;--awb-margin-bottom-large:0px;--awb-spacing-left-large:3.84%;--awb-width-medium:50%;--awb-order-medium:0;--awb-spacing-right-medium:3.84%;--awb-spacing-left-medium:3.84%;--awb-width-small:100%;--awb-order-small:0;--awb-spacing-right-small:1.92%;--awb-spacing-left-small:1.92%;\"><div class=\"fusion-column-wrapper fusion-column-has-shadow fusion-flex-justify-content-flex-start fusion-content-layout-column\"><div class=\"fusion-text fusion-text-2 intro-h2\"><h2>L\u2019exp\u00e9rience au Domaine des 4 Collines est v\u00e9cue selon vos int\u00e9r\u00eats.<\/h2>\n<\/div><div class=\"fusion-image-element \" style=\"text-align:left;--awb-caption-title-font-family:var(--h2_typography-font-family);--awb-caption-title-font-weight:var(--h2_typography-font-weight);--awb-caption-title-font-style:var(--h2_typography-font-style);--awb-caption-title-size:var(--h2_typography-font-size);--awb-caption-title-transform:var(--h2_typography-text-transform);--awb-caption-title-line-height:var(--h2_typography-line-height);--awb-caption-title-letter-spacing:var(--h2_typography-letter-spacing);\"><span class=\" fusion-imageframe imageframe-none imageframe-2 hover-type-none\"><img decoding=\"async\" width=\"300\" height=\"9\" alt=\"Domaine Val-David, Laurentides\" title=\"ligne-dore2\" src=\"https:\/\/4collines.com\/wp-content\/uploads\/2021\/02\/ligne-dore2.png\" class=\"img-responsive wp-image-1508\" srcset=\"https:\/\/4collines.com\/wp-content\/uploads\/2021\/02\/ligne-dore2-200x6.png 200w, https:\/\/4collines.com\/wp-content\/uploads\/2021\/02\/ligne-dore2.png 300w\" sizes=\"(max-width: 1024px) 100vw, (max-width: 640px) 100vw, 300px\" \/><\/span><\/div><div class=\"fusion-separator fusion-full-width-sep\" style=\"align-self: center;margin-left: auto;margin-right: auto;margin-top:25px;width:100%;\"><\/div><div class=\"fusion-text fusion-text-3\"><p>Passionn\u00e9s de plein air et amateurs d\u2019un mode de vie actif, la for\u00eat et la nature seront vos alli\u00e9es. Vous pourrez profiter de chaque saison pour pratiquer vos activit\u00e9s ext\u00e9rieures favorites et m\u00eame en entreprendre de nouvelles. Plusieurs sports sont accessibles au Domaine et dans les environs tels que le ski alpin, le ski de fond, la raquette, le golf, l\u2019escalade, le tennis et bien plus. Vous trouverez aussi \u00e0 proximit\u00e9 des sentiers de randonn\u00e9e, des pistes cyclables ainsi que des patinoires et des ar\u00e9nas. Les activit\u00e9s et les services essentiels sont \u00e0 seulement quelques minutes du Domaine; la tranquillit\u00e9 des Laurentides est \u00e0 quelques pas de la vie urbaine.<\/p>\n<\/div><\/div><\/div><\/div><\/div><div class=\"fusion-fullwidth fullwidth-box fusion-builder-row-3 fusion-flex-container hundred-percent-fullwidth non-hundred-percent-height-scrolling texte-blanc coll-mobile-fullwidth\" style=\"--awb-background-position:left top;--awb-border-sizes-top:0px;--awb-border-sizes-bottom:0px;--awb-border-sizes-left:0px;--awb-border-sizes-right:0px;--awb-border-radius-top-left:0px;--awb-border-radius-top-right:0px;--awb-border-radius-bottom-right:0px;--awb-border-radius-bottom-left:0px;--awb-padding-top:0px;--awb-padding-right:0px;--awb-padding-bottom:0px;--awb-padding-left:0px;--awb-background-color:#988056;--awb-flex-wrap:wrap;\" ><div class=\"fusion-builder-row fusion-row fusion-flex-align-items-stretch fusion-flex-content-wrap\" style=\"width:104% !important;max-width:104% !important;margin-left: calc(-4% \/ 2 );margin-right: calc(-4% \/ 2 );\"><div class=\"fusion-layout-column fusion_builder_column fusion-builder-column-3 fusion_builder_column_1_2 1_2 fusion-flex-column special\" style=\"--awb-padding-top:125px;--awb-padding-right:30px;--awb-padding-bottom:125px;--awb-padding-left:15%;--awb-bg-size:cover;--awb-width-large:50%;--awb-margin-top-large:0px;--awb-spacing-right-large:3.84%;--awb-margin-bottom-large:0px;--awb-spacing-left-large:3.84%;--awb-width-medium:50%;--awb-order-medium:0;--awb-spacing-right-medium:3.84%;--awb-spacing-left-medium:3.84%;--awb-width-small:100%;--awb-order-small:0;--awb-spacing-right-small:1.92%;--awb-spacing-left-small:1.92%;\"><div class=\"fusion-column-wrapper fusion-column-has-shadow fusion-flex-justify-content-flex-start fusion-content-layout-column\"><div class=\"fusion-text fusion-text-4\"><p>Si toutefois vous privil\u00e9giez un mode de vie s\u00e9dentaire et paisible, dans le confort de votre maison ou au bord d\u2019un plan d\u2019eau, le Domaine est \u00e9galement un emplacement de choix.<\/p>\n<p>Vous \u00eates du style contemplatif, un amoureux de la nature recherchant des d\u00e9cors pour vous ressourcer, vous inspirer? Le Domaine vous charmera par ses d\u00e9cors bucoliques et enchanteurs. Bien qu\u2019il s\u2019agisse d\u2019un projet domiciliaire d\u2019envergure, la r\u00e9partition des habitations vous donne \u00e0 la fois l\u2019impression de faire partie d\u2019une belle communaut\u00e9 et la libert\u00e9 de vaquer librement \u00e0 vos propres occupations.<\/p>\n<p>Le site est l\u2019endroit id\u00e9al pour fonder une famille ou \u00e9lever des enfants, mener un mode de vie sain et actif, ou vivre une retraite \u00e0 votre image. Le Domaine saura combler vos attentes. Une vie au c\u0153ur des Laurentides est une vie s\u00e9curitaire et enrichissante \u00e0 tous points de vue.<\/p>\n<\/div><div style=\"text-align:left;\"><a class=\"fusion-button button-flat button-large button-custom fusion-button-default button-1 fusion-button-default-span fusion-has-button-gradient\" style=\"--button_bevel_color:#000000;--button_accent_color:#333;--button_accent_hover_color:#333333;--button_border_hover_color:#ffffff;--button_border_width-top:0px;--button_border_width-right:0px;--button_border_width-bottom:0px;--button_border_width-left:0px;--button-border-radius-top-left:0;--button-border-radius-top-right:0;--button-border-radius-bottom-right:0;--button-border-radius-bottom-left:0;--button_gradient_top_color:#ffffff;--button_gradient_bottom_color:#ffffff;--button_gradient_top_color_hover:#e0e0e0;--button_gradient_bottom_color_hover:#dbdbdb;--button_text_transform:uppercase;--button_margin-top:15px;\" target=\"_self\" href=\"https:\/\/4collines.com\/en\/looking-land-contact\/\"><span class=\"fusion-button-text awb-button__text awb-button__text--default\">Mettre le projet en marche<\/span><i class=\"fa-angle-right fas awb-button__icon awb-button__icon--default button-icon-right\" aria-hidden=\"true\"><\/i><\/a><\/div><\/div><\/div><div class=\"fusion-layout-column fusion_builder_column fusion-builder-column-4 fusion_builder_column_1_2 1_2 fusion-flex-column\" style=\"--awb-bg-image:url(&#039;https:\/\/4collines.com\/wp-content\/uploads\/2021\/02\/domaine-portail-2.jpg&#039;);--awb-bg-position:center bottom;--awb-bg-size:cover;--awb-width-large:50%;--awb-margin-top-large:0px;--awb-spacing-right-large:0px;--awb-margin-bottom-large:0px;--awb-spacing-left-large:0px;--awb-width-medium:50%;--awb-order-medium:0;--awb-spacing-right-medium:0px;--awb-spacing-left-medium:0px;--awb-width-small:100%;--awb-order-small:0;--awb-spacing-right-small:1.92%;--awb-spacing-left-small:1.92%;\"><div class=\"fusion-column-wrapper fusion-column-has-shadow fusion-flex-justify-content-flex-start fusion-content-layout-column fusion-empty-column-bg-image fusion-column-has-bg-image\" data-bg-url=\"https:\/\/4collines.com\/wp-content\/uploads\/2021\/02\/domaine-portail-2.jpg\"><img decoding=\"async\" class=\"fusion-empty-dims-img-placeholder fusion-no-large-visibility fusion-no-medium-visibility\" alt=\"Portail du Domaine 4 Collines\" aria-label=\"domaine-portail\" src=\"data:image\/svg+xml,%3Csvg%20xmlns%3D%27http%3A%2F%2Fwww.w3.org%2F2000%2Fsvg%27%20width%3D%271000%27%20height%3D%27600%27%20viewBox%3D%270%200%201000%20600%27%3E%3Crect%20width%3D%271000%27%20height%3D%27600%27%20fill-opacity%3D%220%22%2F%3E%3C%2Fsvg%3E\"><\/div><\/div><\/div><\/div><\/p>\n","protected":false},"excerpt":{"rendered":"","protected":false},"author":1,"featured_media":0,"parent":2272,"menu_order":0,"comment_status":"closed","ping_status":"closed","template":"100-width.php","meta":{"_acf_changed":false,"footnotes":""},"class_list":["post-2278","page","type-page","status-publish","hentry"],"acf":[],"_links":{"self":[{"href":"https:\/\/4collines.com\/en\/wp-json\/wp\/v2\/pages\/2278","targetHints":{"allow":["GET"]}}],"collection":[{"href":"https:\/\/4collines.com\/en\/wp-json\/wp\/v2\/pages"}],"about":[{"href":"https:\/\/4collines.com\/en\/wp-json\/wp\/v2\/types\/page"}],"author":[{"embeddable":true,"href":"https:\/\/4collines.com\/en\/wp-json\/wp\/v2\/users\/1"}],"replies":[{"embeddable":true,"href":"https:\/\/4collines.com\/en\/wp-json\/wp\/v2\/comments?post=2278"}],"version-history":[{"count":10,"href":"https:\/\/4collines.com\/en\/wp-json\/wp\/v2\/pages\/2278\/revisions"}],"predecessor-version":[{"id":4655,"href":"https:\/\/4collines.com\/en\/wp-json\/wp\/v2\/pages\/2278\/revisions\/4655"}],"up":[{"embeddable":true,"href":"https:\/\/4collines.com\/en\/wp-json\/wp\/v2\/pages\/2272"}],"wp:attachment":[{"href":"https:\/\/4collines.com\/en\/wp-json\/wp\/v2\/media?parent=2278"}],"curies":[{"name":"wp","href":"https:\/\/api.w.org\/{rel}","templated":true}]}}